{"id":37,"date":"2011-11-26T19:19:34","date_gmt":"2011-11-26T19:19:34","guid":{"rendered":"http:\/\/www.sturmtifo.com\/wordpress\/?page_id=37"},"modified":"2023-03-21T21:58:09","modified_gmt":"2023-03-21T19:58:09","slug":"links","status":"publish","type":"page","link":"https:\/\/www.sturmtifo.com\/wordpress\/links\/","title":{"rendered":"Links"},"content":{"rendered":"<p><strong>Fangruppen <\/strong><\/p>\n<p><a href=\"http:\/\/www.kollektiv1909.at\">www.kollektiv1909.at<\/a><br \/>\n<a href=\"http:\/\/www.sturmstadion-liebenau.at\">www.sturmstadion-liebenau.at<\/a><\/p>\n<p><strong>Rund um den SK Sturm <\/strong><\/p>\n<p><a href=\"http:\/\/www.sksturm.at\" target=\"_blank\" rel=\"noopener\">www.sksturm.at<\/a><br \/>\n<a href=\"http:\/\/www.sturmnetz.at\" target=\"_blank\" rel=\"noopener\">www.sturmnetz.at<\/a> <\/p>\n<p><strong>\u00dcberregional<\/strong><\/p>\n<p><a href=\"http:\/\/www.stadionwelt.de\" target=\"_blank\" rel=\"noopener\">www.stadionwelt.de<\/a><br \/>\n<a href=\"http:\/\/www.ballesterer.at\" target=\"_blank\" rel=\"noopener\">www.ballesterer.at<\/a><br \/>\n<a href=\"http:\/\/www.blickfang-ultra.de\" target=\"_blank\" rel=\"noopener\">www.blickfang-ultra.de<\/a><br \/>\n<a href=\"http:\/\/www.erlebnis-fussball.de\" target=\"_blank\" rel=\"noopener\">www.erlebnis-fussball.de<\/a><\/p>\n<p>SturmTifo.com \u00fcbernimmt keine Haftung f\u00fcr die hier angegebenen Links.<\/p>\n","protected":false},"excerpt":{"rendered":"<p>Fangruppen www.kollektiv1909.at www.sturmstadion-liebenau.at Rund um den SK Sturm www.sksturm.at www.sturmnetz.at \u00dcberregional www.stadionwelt.de www.ballesterer.at www.blickfang-ultra.de www.erlebnis-fussball.de SturmTifo.com \u00fcbernimmt keine Haftung f\u00fcr die hier angegebenen Links.<\/p>\n","protected":false},"author":4,"featured_media":0,"parent":0,"menu_order":5,"comment_status":"open","ping_status":"open","template":"","meta":{"footnotes":""},"class_list":["post-37","page","type-page","status-publish","hentry"],"_links":{"self":[{"href":"https:\/\/www.sturmtifo.com\/wordpress\/wp-json\/wp\/v2\/pages\/37","targetHints":{"allow":["GET"]}}],"collection":[{"href":"https:\/\/www.sturmtifo.com\/wordpress\/wp-json\/wp\/v2\/pages"}],"about":[{"href":"https:\/\/www.sturmtifo.com\/wordpress\/wp-json\/wp\/v2\/types\/page"}],"author":[{"embeddable":true,"href":"https:\/\/www.sturmtifo.com\/wordpress\/wp-json\/wp\/v2\/users\/4"}],"replies":[{"embeddable":true,"href":"https:\/\/www.sturmtifo.com\/wordpress\/wp-json\/wp\/v2\/comments?post=37"}],"version-history":[{"count":23,"href":"https:\/\/www.sturmtifo.com\/wordpress\/wp-json\/wp\/v2\/pages\/37\/revisions"}],"predecessor-version":[{"id":5276,"href":"https:\/\/www.sturmtifo.com\/wordpress\/wp-json\/wp\/v2\/pages\/37\/revisions\/5276"}],"wp:attachment":[{"href":"https:\/\/www.sturmtifo.com\/wordpress\/wp-json\/wp\/v2\/media?parent=37"}],"curies":[{"name":"wp","href":"https:\/\/api.w.org\/{rel}","templated":true}]}}