{"id":34,"date":"2011-11-26T19:19:03","date_gmt":"2011-11-26T19:19:03","guid":{"rendered":"http:\/\/www.sturmtifo.com\/wordpress\/?page_id=34"},"modified":"2022-08-30T13:22:03","modified_gmt":"2022-08-30T11:22:03","slug":"uber-uns","status":"publish","type":"page","link":"https:\/\/www.sturmtifo.com\/wordpress\/uber-uns\/","title":{"rendered":"Impressum"},"content":{"rendered":"<p><strong>Impressum<\/strong><br \/>\nImpressum &#038; Betreiber: SturmTifo.com, c\/o <a href=\"http:\/\/www.alexstangl.at\" title=\"A. Stangl\">A. Stangl<\/a> , Brucknerstr. 11, 8010 Graz. F\u00fcr den Inhalt dieser Website sind die Betreiber von SturmTifo.com verantwortlich, davon ausgenommen sind Links und Fremdbeitr\u00e4ge. <\/p>\n<p><strong>Urheberrecht &#038; Nutzungsbedingungen<\/strong><br \/>\nEs wird ausdr\u00fccklich darauf hingewiesen, dass s\u00e4mtliche Dateien, die sich auf dem Online-Angebot von <a href=\"http:\/\/www.sturmtifo.com\" title=\"www.sturmtifo.com\">www.sturmtifo.com<\/a> befinden, urheberrechtlich gesch\u00fctzt sind und den <a href=\"https:\/\/www.alexstangl.at\/AGB_Alex_Stangl_Photo.pdf\" rel=\"noopener noreferrer\" target=\"_blank\">AGB<\/a> des Betreibers unterliegen. Die bereit gestellten Dateien und Inhalte d\u00fcrfen nicht ohne dessen vorheriger Zustimmung verwendet werden, dies betrifft insbesondere die unautorisierte Verbreitung der Dateien in sozialen Netzwerken (wie zB Facebook, Instagram, o\u00c4), Blogs oder sonstigen Websites und Medien. Bei medialer Nutzung gelten die branchen\u00fcblichen Honorare, Anfragen sind vorab an die unten genannte Kontaktadresse zu richten. Die auf SturmTifo.com ver\u00f6ffentlichten Nachrichten und Inhalte von Bildern und Videos erheben weder Anspruch auf Richtigkeit und Aktualit\u00e4t, noch geben sie die Meinung der Betreiber wieder. Jegliche derart lautende Haftungsanspr\u00fcche werden abgelehnt.<br \/>\nMit dem Besuch unseres Online-Angebots erkennt der User automatisch an, die hier genannten Regelungen als Nutzungsbedingungen zu befolgen. Allf\u00e4llige Verst\u00f6sse werden geahndet. <\/p>\n<p><strong>Datenschutz<\/strong><br \/>\nDie auf SturmTifo.com angebotenen Inhalte sind mit sozialen Netzwerken verbunden (zB \u00fcber Social Media Plugins). Durch das Aufrufen von Inhalten auf SturmTifo.com akzeptiert der User die m\u00f6gliche Verwendung von nutzerspezifischen Daten, insbesondere durch den Hostingprovider Contabo, den Blog von WordPress oder Dritte. Die Benutzung durch Besuch der Inhalte von SturmTifo.com ist nicht darauf ausgerichtet, personenbezogene Daten zu sammeln oder zu verarbeiten. Die geltenden Datenschutzgesetze werden nach bestem Wissen und Gewissen befolgt. Entsprechende Anfragen sind an den Betreiber zu richten.<\/p>\n<p><strong>Geschichte<\/strong><br \/>\n<img loading=\"lazy\" decoding=\"async\" src=\"http:\/\/www.sturmtifo.com\/wordpress\/wp-content\/uploads\/2011\/11\/SturmTifo-300x147.jpg\" alt=\"\" title=\"SturmTifo\" width=\"300\" height=\"147\" class=\"alignleft size-medium wp-image-887\" srcset=\"https:\/\/www.sturmtifo.com\/wordpress\/wp-content\/uploads\/2011\/11\/SturmTifo-300x147.jpg 300w, https:\/\/www.sturmtifo.com\/wordpress\/wp-content\/uploads\/2011\/11\/SturmTifo-500x245.jpg 500w, https:\/\/www.sturmtifo.com\/wordpress\/wp-content\/uploads\/2011\/11\/SturmTifo.jpg 889w\" sizes=\"auto, (max-width: 300px) 100vw, 300px\" \/>SturmTifo.com ist ein Medienprojekt f\u00fcr die Fankurve des SK Sturm Graz mit ihren f\u00fchrenden Fangruppen <a href=\"http:\/\/www.jewelssturm.com\" title=\"www.jewelssturm.com\">Jewels Sturm<\/a>, <a href=\"http:\/\/www.brigatagraz.org\">Brigata Graz<\/a> und <a href=\"http:\/\/www.sturmflut.net\">Grazer Sturmflut<\/a>. Seit Sommer 2005 sorgt ein kleines Team engagierter Foto- &#038; Videofreaks f\u00fcr die Bilddokumentation der schwarzwei\u00dfen Fanaktivit\u00e4ten und des Vereins. Fanfotos, Sport- und Pressefotos von jedem Pflichtspiel des SK Sturm finden sich auf unserer <a href=\"http:\/\/www.sturmtifo.com\/gallery\">SturmTifo-Galerie<\/a> unserer Seite, weiters dokumentieren wir Veranstaltungen und Pressetermine des SK Sturm. Zu den besonders interessanten Anl\u00e4ssen gibt es auch Videos von den Tifo-Highlights. S\u00e4mtliche Erl\u00f6se aus den Spenden kommen dem Projekt und der Fanszene zu Gute. Seit Anfang 2009 wurden weitere (auch ehemalige) Gruppen der Nordkurve in das Projekt integriert: Bastion Nord, District Six, Pecore Nere, Schwarz Weisser S\u00fcden, Urban Crew und Black Pearl. Ende 2010 kamen die Blackhearts und Black Storm dazu, Mitte 2011 die Generation Chaos. Neben den Fangruppen kooperieren wir auch mit Partnern aus den Bereichen Online- und Printmedien sowie anderen Einrichtungen der schwarzwei\u00dfen Online-Gemeinde, vor allem aber mit unserem geliebten SK Sturm und dessen Medienkan\u00e4len. Seit Herbst 2011 gibt es eine offizielle Fanpage von SturmTifo.com auf Facebook: <a href=\"https:\/\/www.facebook.com\/SturmTifo\">facebook.com\/SturmTifo<\/a>. Im Fr\u00fchjahr 2012 wurde ein SturmTifo.com-Foto mit dem \u00f6sterreichischen Sportjournalistenpreis der Sports Media Austria ausgezeichnet. Im Juli 2014 erlebte der Blog einen Relaunch des Layouts und die mobile Version der SturmTifo-Galerie wurde unter <a href=\"http:\/\/m.sturmtifo.com\" title=\"m.sturmtifo.com\" target=\"_blank\" rel=\"noopener noreferrer\">m.sturmtifo.com<\/a> released. Im Oktober des gleichen Jahres stieg SturmTifo ins HD-Zeitalter um und pr\u00e4sentierte das eigene Vimeo-Portal auf <a href=\"http:\/\/v.sturmtifo.com\" target=\"_blank\" rel=\"noopener noreferrer\">v.sturmtifo.com<\/a>. Seit 2018 ist SturmTifo.com auch auf Instagram pr\u00e4sent &#8211; <a href=\"http:\/\/instagram.com\/sturmtifo\" rel=\"noopener noreferrer\" target=\"_blank\">instagram.com\/sturmtifo<\/a> &#8211; und erfreut sich einer stetig wachsenden Community.<\/p>\n<p><strong>Kontakt<\/strong><br \/>\nBei Interesse f\u00fcr unsere Fotos, Videos, etc. oder sonstigen Fragen: office@sturmtifo.com<\/p>\n","protected":false},"excerpt":{"rendered":"<p>Impressum Impressum &#038; Betreiber: SturmTifo.com, c\/o A. Stangl , Brucknerstr. 11, 8010 Graz. F\u00fcr den Inhalt dieser Website sind die Betreiber von SturmTifo.com verantwortlich, davon ausgenommen sind Links und Fremdbeitr\u00e4ge. Urheberrecht &#038; Nutzungsbedingungen Es wird ausdr\u00fccklich darauf hingewiesen, dass s\u00e4mtliche Dateien, die sich auf dem Online-Angebot von www.sturmtifo.com befinden, urheberrechtlich gesch\u00fctzt sind und den AGB [&hellip;]<\/p>\n","protected":false},"author":4,"featured_media":0,"parent":0,"menu_order":4,"comment_status":"open","ping_status":"open","template":"","meta":{"footnotes":""},"class_list":["post-34","page","type-page","status-publish","hentry"],"_links":{"self":[{"href":"https:\/\/www.sturmtifo.com\/wordpress\/wp-json\/wp\/v2\/pages\/34","targetHints":{"allow":["GET"]}}],"collection":[{"href":"https:\/\/www.sturmtifo.com\/wordpress\/wp-json\/wp\/v2\/pages"}],"about":[{"href":"https:\/\/www.sturmtifo.com\/wordpress\/wp-json\/wp\/v2\/types\/page"}],"author":[{"embeddable":true,"href":"https:\/\/www.sturmtifo.com\/wordpress\/wp-json\/wp\/v2\/users\/4"}],"replies":[{"embeddable":true,"href":"https:\/\/www.sturmtifo.com\/wordpress\/wp-json\/wp\/v2\/comments?post=34"}],"version-history":[{"count":31,"href":"https:\/\/www.sturmtifo.com\/wordpress\/wp-json\/wp\/v2\/pages\/34\/revisions"}],"predecessor-version":[{"id":5060,"href":"https:\/\/www.sturmtifo.com\/wordpress\/wp-json\/wp\/v2\/pages\/34\/revisions\/5060"}],"wp:attachment":[{"href":"https:\/\/www.sturmtifo.com\/wordpress\/wp-json\/wp\/v2\/media?parent=34"}],"curies":[{"name":"wp","href":"https:\/\/api.w.org\/{rel}","templated":true}]}}